{"id":25,"date":"2024-10-17T20:04:56","date_gmt":"2024-10-17T18:04:56","guid":{"rendered":"https:\/\/geilebuecher.de\/?page_id=25"},"modified":"2024-10-17T20:04:57","modified_gmt":"2024-10-17T18:04:57","slug":"ueber-die-autorin","status":"publish","type":"page","link":"https:\/\/geilebuecher.de\/?page_id=25","title":{"rendered":"\u00dcber die Autorin"},"content":{"rendered":"\n<p class=\"has-text-align-center has-medium-font-size\">Juliane Walther ist eine Autorin aus Weimar\/Th\u00fcringen.<\/p>\n\n\n\n<p class=\"has-text-align-center has-medium-font-size\">Bereits im Alter von 11 Jahren schrieb ich kleine Geschichten, die allerdings mehr schlecht, als recht waren.<\/p>\n\n\n\n<p class=\"has-text-align-center has-medium-font-size\">In der 8. Klasse begann ich tats\u00e4chlich gr\u00f6\u00dfere Geschichten, fast alle mit F\u00fcller in Notizb\u00fcchern, niederzuschreiben. Im Jahr 2020 beendete ich dann das erste Mal eine Geschichte.<\/p>\n\n\n\n<h2 class=\"wp-block-heading has-text-align-center has-x-large-font-size\"><em>\u00dcber das Universum<\/em><\/h2>\n\n\n\n<p>Das Universum der Cazeira Nocturna umfasst ein Spektrum von aktuell 17 Romanen, die geplottet sind. Die ersten 4 Teile besch\u00e4ftigen sich mit der Geschichte von Kellan und Marco.<\/p>\n","protected":false},"excerpt":{"rendered":"<p>Juliane Walther ist eine Autorin aus Weimar\/Th\u00fcringen. Bereits im Alter von 11 Jahren [&hellip;]<\/p>\n","protected":false},"author":1,"featured_media":28,"parent":0,"menu_order":0,"comment_status":"closed","ping_status":"closed","template":"","meta":{"footnotes":""},"class_list":["post-25","page","type-page","status-publish","has-post-thumbnail","hentry"],"_links":{"self":[{"href":"https:\/\/geilebuecher.de\/index.php?rest_route=\/wp\/v2\/pages\/25","targetHints":{"allow":["GET"]}}],"collection":[{"href":"https:\/\/geilebuecher.de\/index.php?rest_route=\/wp\/v2\/pages"}],"about":[{"href":"https:\/\/geilebuecher.de\/index.php?rest_route=\/wp\/v2\/types\/page"}],"author":[{"embeddable":true,"href":"https:\/\/geilebuecher.de\/index.php?rest_route=\/wp\/v2\/users\/1"}],"replies":[{"embeddable":true,"href":"https:\/\/geilebuecher.de\/index.php?rest_route=%2Fwp%2Fv2%2Fcomments&post=25"}],"version-history":[{"count":1,"href":"https:\/\/geilebuecher.de\/index.php?rest_route=\/wp\/v2\/pages\/25\/revisions"}],"predecessor-version":[{"id":29,"href":"https:\/\/geilebuecher.de\/index.php?rest_route=\/wp\/v2\/pages\/25\/revisions\/29"}],"wp:featuredmedia":[{"embeddable":true,"href":"https:\/\/geilebuecher.de\/index.php?rest_route=\/wp\/v2\/media\/28"}],"wp:attachment":[{"href":"https:\/\/geilebuecher.de\/index.php?rest_route=%2Fwp%2Fv2%2Fmedia&parent=25"}],"curies":[{"name":"wp","href":"https:\/\/api.w.org\/{rel}","templated":true}]}}